{"id":277,"date":"2018-07-06T12:40:30","date_gmt":"2018-07-06T17:40:30","guid":{"rendered":"http:\/\/www.cardiologiaqueretaro.com\/wp\/es\/?page_id=277"},"modified":"2018-11-08T11:38:00","modified_gmt":"2018-11-08T17:38:00","slug":"aviso-de-privacidad","status":"publish","type":"page","link":"https:\/\/www.cardiologiaqueretaro.com\/fr\/aviso-de-privacidad\/","title":{"rendered":"Avis de confidentialit\u00e9"},"content":{"rendered":"<p><strong>Vitruvius. Heart &amp; Vascular Center,<\/strong> avec adresse au Star Medical Hospital &#8211; Star Medical Hospital, bureau 1101, boulevard Bernardo Quintana Arrioja 4060, San Pablo, 76125, Santiago de Quer\u00e9taro, Qro., Mexique. est responsable de l&#8217;utilisation et de la protection de vos donn\u00e9es personnelles, respect vous informe ce qui suit:<\/p>\n<p><strong>D\u00c9FINITIONS<\/strong><\/p>\n<p>Dans cet avis de confidentialit\u00e9, les mots suivants seront consid\u00e9r\u00e9s comme des lettres majuscules initiales, \u00e0 savoir:<\/p>\n<p><strong>Vitruvius.<\/strong><\/p>\n<p><strong>OBJECTIFS POUR LE TRAITEMENT DE VOS DONN\u00c9ES PERSONNELLES<\/strong><\/p>\n<p>Vos informations personnelles seront utilis\u00e9es aux fins principales suivantes, qui sont n\u00e9cessaires pour fournir nos produits et services:<\/p>\n<ul>\n<li>Identifiez-le et contactez-le.<\/li>\n<li>Vous fournir les produits et services que vous avez contract\u00e9s avec nous et remplir les obligations contract\u00e9es avec vous.<\/li>\n<li>Respectez les r\u00e9glementations applicables.<\/li>\n<li>Effectuer le processus li\u00e9 \u00e0 la facturation.<\/li>\n<\/ul>\n<p>De plus, vos informations personnelles seront utilis\u00e9es aux fins secondaires suivantes:<\/p>\n<ul>\n<li>Evaluez la qualit\u00e9 de notre service.<\/li>\n<li>Invitez-le \u00e0 des \u00e9v\u00e9nements professionnels, acad\u00e9miques et culturels.<\/li>\n<li>Promouvoir nos produits ou services, contacter et mener des \u00e9v\u00e9nements \u00e0 des fins de marketing, de publicit\u00e9 ou de prospection commerciale.<\/li>\n<\/ul>\n<p>Si vous ne souhaitez pas que vos donn\u00e9es personnelles soient trait\u00e9es pour les finalit\u00e9s indiqu\u00e9es, ou pour l&#8217;une d&#8217;elles, vous pouvez nous refuser votre consentement \u00e0 ce moment, en nous envoyant votre demande par courrier \u00e9lectronique \u00e0 l&#8217;adresse <a href=\"mailto:info@cardiologiaqueretaro.com\">info@cardiologiaqueretaro.com<\/a>.<\/p>\n<p>Votre refus \u00e0 cet \u00e9gard ne sera pas une raison pour que nous cessions de fournir les produits ou services que vous avez contract\u00e9s avec nous, et nous vous informons que vous avez un d\u00e9lai de 10 jours ouvrables pour nous en informer.<\/p>\n<p><strong>DONNEES PERSONNELLES A RECUEILLIR:<\/strong><\/p>\n<p>Pour atteindre les objectifs d\u00e9crits dans cet avis de confidentialit\u00e9, nous utiliserons les cat\u00e9gories de donn\u00e9es personnelles suivantes: identification, contact, travail, finances<\/p>\n<p><strong>TRANSFERT DE VOS DONN\u00c9ES PERSONNELLES<\/strong><\/p>\n<p>Vos informations personnelles peuvent \u00eatre transf\u00e9r\u00e9es aux personnes physiques ou morales suivantes sans votre consentement l\u00e9gal:<\/p>\n<ul>\n<li>Autorit\u00e9s auxquelles nous devons le faire en vertu d\u2019une loi, afin de respecter les r\u00e9glementations correspondantes.<\/li>\n<li>Autorit\u00e9s, lorsque le transfert est n\u00e9cessaire ou requis par la loi pour prot\u00e9ger un int\u00e9r\u00eat public, ou pour l&#8217;administration ou l&#8217;administration de la justice.<\/li>\n<li>Les autorit\u00e9s, lorsque le transfert est n\u00e9cessaire \u00e0 la reconnaissance, \u00e0 l&#8217;exercice ou \u00e0 la d\u00e9fense d&#8217;un droit dans le cadre d&#8217;une proc\u00e9dure judiciaire, et<\/li>\n<li>Des soci\u00e9t\u00e9s de notre m\u00eame groupe qui op\u00e8rent selon nos m\u00eames processus et politiques internes, pour fournir des services ou se conformer \u00e0 nos politiques et r\u00e9glementations internes.<\/li>\n<\/ul>\n<p>Sauf pour les cas indiqu\u00e9s et les autres mentionn\u00e9s \u00e0 l&#8217;article 37 de la loi f\u00e9d\u00e9rale sur la protection des donn\u00e9es personnelles en possession de personnes, vos informations personnelles ne seront pas transf\u00e9r\u00e9es.<\/p>\n<p><strong>MESURES DE S\u00c9CURIT\u00c9 POUR PROT\u00c9GER VOS INFORMATIONS PERSONNELLES<\/strong><\/p>\n<p>Vos informations personnelles seront prot\u00e9g\u00e9es de mani\u00e8re strictement confidentielle et pour emp\u00eacher raisonnablement l&#8217;utilisation ou la divulgation inappropri\u00e9e, nous avons mis en \u0153uvre des mesures de s\u00e9curit\u00e9 physiques, techniques et administratives conform\u00e9ment \u00e0 la loi f\u00e9d\u00e9rale sur la protection des donn\u00e9es personnelles d\u00e9tenues par des parties priv\u00e9es et autres r\u00e9glementations applicable.<\/p>\n<p><strong>DROITS ET R\u00c9VOCATION DE VOTRE CONSENTEMENT<\/strong><\/p>\n<p>Dans les termes autoris\u00e9s par la r\u00e9glementation en vigueur, vous pouvez acc\u00e9der, rectifier et annuler vos donn\u00e9es personnelles, vous opposer \u00e0 leur traitement et r\u00e9voquer \u00e0 tout moment le consentement que vous nous avez donn\u00e9, par courrier susmentionn\u00e9.<\/p>\n<p>Notre responsable de la confidentialit\u00e9 veillera \u00e0 tout moment \u00e0 la protection de vos informations personnelles conform\u00e9ment \u00e0 la r\u00e9glementation en vigueur. De m\u00eame, nous vous informons que l\u2019Institut national de la transparence, de l\u2019acc\u00e8s \u00e0 l\u2019information et de la protection des donn\u00e9es \u00e0 caract\u00e8re personnel (INAI) est l\u2019autorit\u00e9 charg\u00e9e de contr\u00f4ler le respect des dispositions l\u00e9gales relatives \u00e0 la protection des donn\u00e9es personnelles.<\/p>\n<p><strong>LIMITATION \u00c0 L&#8217;UTILISATION OU \u00c0 LA DIVULGATION DE RENSEIGNEMENTS PERSONNELS<\/strong><\/p>\n<p>Outre la proc\u00e9dure envisag\u00e9e dans la section pr\u00e9c\u00e9dente, vous pouvez limiter l\u2019utilisation ou la divulgation de vos donn\u00e9es personnelles des mani\u00e8res suivantes:<\/p>\n<ul>\n<li>Inscrivez-vous au registre public pour \u00e9viter la publicit\u00e9 du bureau du procureur f\u00e9d\u00e9ral. Pour plus d&#8217;informations sur cette option, vous pouvez contacter directement avec PROFECO ou entrer dans la ligue: <a href=\"http:\/\/rpc.profeco.gob.mx.\">http:\/\/rpc.profeco.gob.mx.<\/a><\/li>\n<li>Demander, par courrier \u00e9lectronique <a href=\"mailto:info@cardiologiaqueretaro.com\">info@cardiologiaqueretaro.com<\/a>, votre inscription \u00e0 la &#8220;Liste d\u2019exclusion de la publicit\u00e9&#8221;, dans le but de ne pas recevoir d\u2019informations promotionnelles sur nos produits ou services.<\/li>\n<\/ul>\n<p><strong>MODIFICATION DE L&#8217;AVIS DE CONFIDENTIALIT\u00c9<\/strong><\/p>\n<p>Vitruvius peut modifier et \/ ou mettre \u00e0 jour cette d\u00e9claration de confidentialit\u00e9 de mani\u00e8re unilat\u00e9rale, vous informant de toute modification ou mise \u00e0 jour via notre site Web.<\/p>","protected":false},"excerpt":{"rendered":"<p>Vitruvius. Heart &amp; Vascular Center, avec adresse au Star Medical Hospital &#8211; Star Medical Hospital, bureau 1101, boulevard Bernardo Quintana Arrioja 4060, San Pablo, 76125, Santiago de Quer\u00e9taro, Qro., Mexique. est responsable de l&#8217;utilisation et de la protection de vos donn\u00e9es personnelles, respect vous informe ce qui suit: D\u00c9FINITIONS Dans cet avis de confidentialit\u00e9, les [&hellip;]<\/p>\n","protected":false},"author":1,"featured_media":0,"parent":0,"menu_order":0,"comment_status":"closed","ping_status":"closed","template":"page-aviso-de-privacidad.php","meta":{"om_disable_all_campaigns":false,"_monsterinsights_skip_tracking":false,"_monsterinsights_sitenote_active":false,"_monsterinsights_sitenote_note":"","_monsterinsights_sitenote_category":0,"footnotes":""},"class_list":["post-277","page","type-page","status-publish","hentry"],"acf":[],"yoast_head":"<!-- This site is optimized with the Yoast SEO plugin v27.4 - https:\/\/yoast.com\/product\/yoast-seo-wordpress\/ -->\n<title>Avis de confidentialit\u00e9 - Vitruvius<\/title>\n<meta name=\"robots\" content=\"index, follow, max-snippet:-1, max-image-preview:large, max-video-preview:-1\" \/>\n<link rel=\"canonical\" href=\"https:\/\/www.cardiologiaqueretaro.com\/es\/aviso-de-privacidad\/\" \/>\n<meta property=\"og:locale\" content=\"fr_FR\" \/>\n<meta property=\"og:type\" content=\"article\" \/>\n<meta property=\"og:title\" content=\"Avis de confidentialit\u00e9 - Vitruvius\" \/>\n<meta property=\"og:description\" content=\"Vitruvius. Heart &amp; Vascular Center, avec adresse au Star Medical Hospital &#8211; Star Medical Hospital, bureau 1101, boulevard Bernardo Quintana Arrioja 4060, San Pablo, 76125, Santiago de Quer\u00e9taro, Qro., Mexique. est responsable de l&#8217;utilisation et de la protection de vos donn\u00e9es personnelles, respect vous informe ce qui suit: D\u00c9FINITIONS Dans cet avis de confidentialit\u00e9, les [&hellip;]\" \/>\n<meta property=\"og:url\" content=\"https:\/\/www.cardiologiaqueretaro.com\/es\/aviso-de-privacidad\/\" \/>\n<meta property=\"og:site_name\" content=\"Vitruvius\" \/>\n<meta property=\"article:modified_time\" content=\"2018-11-08T17:38:00+00:00\" \/>\n<meta name=\"twitter:card\" content=\"summary_large_image\" \/>\n<meta name=\"twitter:label1\" content=\"Dur\u00e9e de lecture estim\u00e9e\" \/>\n\t<meta name=\"twitter:data1\" content=\"15 minutes\" \/>\n<script type=\"application\/ld+json\" class=\"yoast-schema-graph\">{\"@context\":\"https:\\\/\\\/schema.org\",\"@graph\":[{\"@type\":\"WebPage\",\"@id\":\"https:\\\/\\\/www.cardiologiaqueretaro.com\\\/es\\\/aviso-de-privacidad\\\/\",\"url\":\"https:\\\/\\\/www.cardiologiaqueretaro.com\\\/es\\\/aviso-de-privacidad\\\/\",\"name\":\"Avis de confidentialit\u00e9 - Vitruvius\",\"isPartOf\":{\"@id\":\"https:\\\/\\\/www.cardiologiaqueretaro.com\\\/es\\\/#website\"},\"datePublished\":\"2018-07-06T17:40:30+00:00\",\"dateModified\":\"2018-11-08T17:38:00+00:00\",\"breadcrumb\":{\"@id\":\"https:\\\/\\\/www.cardiologiaqueretaro.com\\\/es\\\/aviso-de-privacidad\\\/#breadcrumb\"},\"inLanguage\":\"fr-FR\",\"potentialAction\":[{\"@type\":\"ReadAction\",\"target\":[\"https:\\\/\\\/www.cardiologiaqueretaro.com\\\/es\\\/aviso-de-privacidad\\\/\"]}]},{\"@type\":\"BreadcrumbList\",\"@id\":\"https:\\\/\\\/www.cardiologiaqueretaro.com\\\/es\\\/aviso-de-privacidad\\\/#breadcrumb\",\"itemListElement\":[{\"@type\":\"ListItem\",\"position\":1,\"name\":\"Portada\",\"item\":\"https:\\\/\\\/www.cardiologiaqueretaro.com\\\/\"},{\"@type\":\"ListItem\",\"position\":2,\"name\":\"Aviso de Privacidad\"}]},{\"@type\":\"WebSite\",\"@id\":\"https:\\\/\\\/www.cardiologiaqueretaro.com\\\/es\\\/#website\",\"url\":\"https:\\\/\\\/www.cardiologiaqueretaro.com\\\/es\\\/\",\"name\":\"Vitruvius\",\"description\":\"Heart &amp; Vascular Center\",\"potentialAction\":[{\"@type\":\"SearchAction\",\"target\":{\"@type\":\"EntryPoint\",\"urlTemplate\":\"https:\\\/\\\/www.cardiologiaqueretaro.com\\\/es\\\/?s={search_term_string}\"},\"query-input\":{\"@type\":\"PropertyValueSpecification\",\"valueRequired\":true,\"valueName\":\"search_term_string\"}}],\"inLanguage\":\"fr-FR\"}]}<\/script>\n<!-- \/ Yoast SEO plugin. -->","yoast_head_json":{"title":"Avis de confidentialit\u00e9 - Vitruvius","robots":{"index":"index","follow":"follow","max-snippet":"max-snippet:-1","max-image-preview":"max-image-preview:large","max-video-preview":"max-video-preview:-1"},"canonical":"https:\/\/www.cardiologiaqueretaro.com\/es\/aviso-de-privacidad\/","og_locale":"fr_FR","og_type":"article","og_title":"Avis de confidentialit\u00e9 - Vitruvius","og_description":"Vitruvius. Heart &amp; Vascular Center, avec adresse au Star Medical Hospital &#8211; Star Medical Hospital, bureau 1101, boulevard Bernardo Quintana Arrioja 4060, San Pablo, 76125, Santiago de Quer\u00e9taro, Qro., Mexique. est responsable de l&#8217;utilisation et de la protection de vos donn\u00e9es personnelles, respect vous informe ce qui suit: D\u00c9FINITIONS Dans cet avis de confidentialit\u00e9, les [&hellip;]","og_url":"https:\/\/www.cardiologiaqueretaro.com\/es\/aviso-de-privacidad\/","og_site_name":"Vitruvius","article_modified_time":"2018-11-08T17:38:00+00:00","twitter_card":"summary_large_image","twitter_misc":{"Dur\u00e9e de lecture estim\u00e9e":"15 minutes"},"schema":{"@context":"https:\/\/schema.org","@graph":[{"@type":"WebPage","@id":"https:\/\/www.cardiologiaqueretaro.com\/es\/aviso-de-privacidad\/","url":"https:\/\/www.cardiologiaqueretaro.com\/es\/aviso-de-privacidad\/","name":"Avis de confidentialit\u00e9 - Vitruvius","isPartOf":{"@id":"https:\/\/www.cardiologiaqueretaro.com\/es\/#website"},"datePublished":"2018-07-06T17:40:30+00:00","dateModified":"2018-11-08T17:38:00+00:00","breadcrumb":{"@id":"https:\/\/www.cardiologiaqueretaro.com\/es\/aviso-de-privacidad\/#breadcrumb"},"inLanguage":"fr-FR","potentialAction":[{"@type":"ReadAction","target":["https:\/\/www.cardiologiaqueretaro.com\/es\/aviso-de-privacidad\/"]}]},{"@type":"BreadcrumbList","@id":"https:\/\/www.cardiologiaqueretaro.com\/es\/aviso-de-privacidad\/#breadcrumb","itemListElement":[{"@type":"ListItem","position":1,"name":"Portada","item":"https:\/\/www.cardiologiaqueretaro.com\/"},{"@type":"ListItem","position":2,"name":"Aviso de Privacidad"}]},{"@type":"WebSite","@id":"https:\/\/www.cardiologiaqueretaro.com\/es\/#website","url":"https:\/\/www.cardiologiaqueretaro.com\/es\/","name":"Vitruvius","description":"Heart &amp; Vascular Center","potentialAction":[{"@type":"SearchAction","target":{"@type":"EntryPoint","urlTemplate":"https:\/\/www.cardiologiaqueretaro.com\/es\/?s={search_term_string}"},"query-input":{"@type":"PropertyValueSpecification","valueRequired":true,"valueName":"search_term_string"}}],"inLanguage":"fr-FR"}]}},"_links":{"self":[{"href":"https:\/\/www.cardiologiaqueretaro.com\/fr\/wp-json\/wp\/v2\/pages\/277","targetHints":{"allow":["GET"]}}],"collection":[{"href":"https:\/\/www.cardiologiaqueretaro.com\/fr\/wp-json\/wp\/v2\/pages"}],"about":[{"href":"https:\/\/www.cardiologiaqueretaro.com\/fr\/wp-json\/wp\/v2\/types\/page"}],"author":[{"embeddable":true,"href":"https:\/\/www.cardiologiaqueretaro.com\/fr\/wp-json\/wp\/v2\/users\/1"}],"replies":[{"embeddable":true,"href":"https:\/\/www.cardiologiaqueretaro.com\/fr\/wp-json\/wp\/v2\/comments?post=277"}],"version-history":[{"count":15,"href":"https:\/\/www.cardiologiaqueretaro.com\/fr\/wp-json\/wp\/v2\/pages\/277\/revisions"}],"predecessor-version":[{"id":680,"href":"https:\/\/www.cardiologiaqueretaro.com\/fr\/wp-json\/wp\/v2\/pages\/277\/revisions\/680"}],"wp:attachment":[{"href":"https:\/\/www.cardiologiaqueretaro.com\/fr\/wp-json\/wp\/v2\/media?parent=277"}],"curies":[{"name":"wp","href":"https:\/\/api.w.org\/{rel}","templated":true}]}}